{"id":2101,"date":"2024-06-10T17:28:29","date_gmt":"2024-06-10T21:28:29","guid":{"rendered":"https:\/\/wealthierbook.com\/?page_id=2101"},"modified":"2024-08-14T15:08:22","modified_gmt":"2024-08-14T19:08:22","slug":"home","status":"publish","type":"page","link":"https:\/\/wealthierbook.com\/","title":{"rendered":"Inicio"},"content":{"rendered":"\n<section class=\"wp-block-group alignfull has-base-2-background-color has-background has-global-padding is-layout-constrained wp-container-core-group-is-layout-5133dcc0 wp-block-group-is-layout-constrained\" style=\"margin-top:var(--wp--preset--spacing--10);margin-bottom:var(--wp--preset--spacing--10);padding-top:var(--wp--preset--spacing--20);padding-right:var(--wp--preset--spacing--20);padding-bottom:var(--wp--preset--spacing--20);padding-left:var(--wp--preset--spacing--20)\">\n<div class=\"wp-block-columns alignwide are-vertically-aligned-center is-layout-flex wp-container-core-columns-is-layout-33fa1b4a wp-block-columns-is-layout-flex\" style=\"margin-top:var(--wp--preset--spacing--40);margin-bottom:var(--wp--preset--spacing--40);padding-top:var(--wp--preset--spacing--10);padding-right:var(--wp--preset--spacing--10);padding-bottom:var(--wp--preset--spacing--10);padding-left:var(--wp--preset--spacing--10)\">\n<div class=\"wp-block-column is-vertically-aligned-center is-layout-flow wp-block-column-is-layout-flow\" style=\"padding-right:var(--wp--preset--spacing--20);padding-left:var(--wp--preset--spacing--20);flex-basis:60%\">\n<p class=\"has-accent-3-color has-text-color has-link-color has-medium-font-size wp-elements-e3912ef36d53ae11639a0ee08d86058b\" style=\"text-transform:none\">Nueva publicaci\u00f3n de Dan Solin<\/p>\n\n\n\n<h2 class=\"wp-block-heading\"><strong>M\u00e1s Rico:<\/strong><br><em>La gu\u00eda de inversi\u00f3n financiera para millennials<\/em><\/h2>\n\n\n\n<p>Dan Solin, el autor de <strong>M\u00e1s Rico<\/strong>: <em>La gu\u00eda de inversi\u00f3n financiera para millennials<\/em>, propone un cambio en la forma como los millennials manejan sus finanzas. Este libro es un alivio si est\u00e1s cansado de esos libros obsoletos de inversi\u00f3n que prometen el cielo, pero que al final te dejan perdido y sin rumbo en las transacciones del mundo financiero.<\/p>\n\n\n\n<p style=\"font-size:clamp(0.984rem, 0.984rem + ((1vw - 0.2rem) * 0.86), 1.5rem);\"><strong>Disponible en Amazon<\/strong><\/p>\n\n\n\n<div class=\"wp-block-buttons is-content-justification-left is-layout-flex wp-container-core-buttons-is-layout-fc4fd283 wp-block-buttons-is-layout-flex\">\n<div class=\"wp-block-button\"><a class=\"wp-block-button__link wp-element-button\" href=\"https:\/\/www.amazon.com\/Wealthier-Investing-Field-Guide-Millennials\/dp\/097487633X\/ref=sr_1_fkmr0_1\">Paper<\/a><\/div>\n\n\n\n<div class=\"wp-block-button is-style-outline is-style-outline--1\"><a class=\"wp-block-button__link wp-element-button\" href=\"https:\/\/www.amazon.com\/Wealthier-Investing-Field-Guide-Millennials-ebook\/dp\/B0CX2VD1CW\/ref=tmm_kin_swatch_0?_encoding=UTF8&amp;qid=&amp;sr=\">Kindle<\/a><\/div>\n\n\n\n<div class=\"wp-block-button is-style-outline is-style-outline--2\"><a class=\"wp-block-button__link wp-element-button\" href=\"https:\/\/www.amazon.com\/Wealthier-Investing-Field-Guide-Millennials\/dp\/B0D3WG7NQV\/ref=tmm_aud_swatch_0?_encoding=UTF8&amp;qid=&amp;sr=\">Audiobook<\/a><\/div>\n<\/div>\n<\/div>\n\n\n\n<div class=\"wp-block-column is-vertically-aligned-center is-layout-flow wp-block-column-is-layout-flow\" style=\"padding-right:var(--wp--preset--spacing--10);padding-left:var(--wp--preset--spacing--10);flex-basis:40%\">\n<figure class=\"wp-block-image size-full\"><img loading=\"lazy\" decoding=\"async\" width=\"432\" height=\"648\" src=\"https:\/\/wealthierbook.com\/wp-content\/uploads\/2024\/06\/Spanish-book-cover-spanish.jpg\" alt=\"Mas Rico Cover\" class=\"wp-image-2075\" srcset=\"https:\/\/wealthierbook.com\/wp-content\/uploads\/2024\/06\/Spanish-book-cover-spanish.jpg 432w, https:\/\/wealthierbook.com\/wp-content\/uploads\/2024\/06\/Spanish-book-cover-spanish-200x300.jpg 200w\" sizes=\"auto, (max-width: 432px) 100vw, 432px\" \/><\/figure>\n<\/div>\n<\/div>\n<\/section>\n\n\n\n<section class=\"wp-block-group alignfull has-contrast-2-background-color has-background has-global-padding is-layout-constrained wp-container-core-group-is-layout-dd819334 wp-block-group-is-layout-constrained\" style=\"margin-top:0;margin-bottom:0;padding-top:var(--wp--preset--spacing--20);padding-right:var(--wp--preset--spacing--20);padding-bottom:var(--wp--preset--spacing--20);padding-left:var(--wp--preset--spacing--20)\">\n<div class=\"wp-block-columns is-layout-flex wp-container-core-columns-is-layout-7d81dbf8 wp-block-columns-is-layout-flex\" style=\"margin-top:var(--wp--preset--spacing--40);margin-bottom:var(--wp--preset--spacing--40);padding-top:0;padding-right:var(--wp--preset--spacing--20);padding-bottom:0;padding-left:var(--wp--preset--spacing--20)\">\n<div class=\"wp-block-column is-layout-flow wp-block-column-is-layout-flow\" style=\"padding-top:var(--wp--preset--spacing--10);padding-right:var(--wp--preset--spacing--10);padding-bottom:var(--wp--preset--spacing--10);padding-left:var(--wp--preset--spacing--10)\">\n<p class=\"has-base-color has-text-color has-link-color wp-elements-b230a08a53af32cb067bb42a1b69406d\">La mayor\u00eda de los asesores financieros no le prestan la debida atenci\u00f3n a los millennials, pues viven pendientes de captar y atender las fortunas de los inversores de grandes carteras y que requieren de necesidades m\u00e1s complejas en cuanto a planificaci\u00f3n financiera se refiere. Y all\u00ed es donde entra a la palestra: <strong>M\u00e1s Rico<\/strong>: <em>La gu\u00eda de inversi\u00f3n financiera para millennials<\/em>, pues Dan te da las claves necesarias para que empieces a navegar por tu cuenta en el mundo financiero.<\/p>\n\n\n\n<blockquote class=\"wp-block-quote has-text-align-center is-layout-flow wp-block-quote-is-layout-flow\">\n<p class=\"has-large-font-size\">&#8220;Este no es otro libro m\u00e1s de inversi\u00f3n, este es uno que transformar\u00e1 tu vida. Y mientras m\u00e1s pronto pongas en pr\u00e1ctica todo lo que aprendas, mejor te ir\u00e1.&#8221;<\/p>\n<cite>Dan Solin<\/cite><\/blockquote>\n\n\n\n<div class=\"wp-block-buttons is-content-justification-center is-layout-flex wp-container-core-buttons-is-layout-72fa4f27 wp-block-buttons-is-layout-flex\" style=\"margin-top:var(--wp--preset--spacing--40);margin-bottom:var(--wp--preset--spacing--10)\">\n<div class=\"wp-block-button has-custom-width wp-block-button__width-50 has-custom-font-size is-style-outline has-medium-font-size is-style-outline--3\"><a class=\"wp-block-button__link has-base-2-color has-accent-3-background-color has-text-color has-background has-link-color wp-element-button\" href=\"\/transform-your-money-game\/\">Transforma tu dinero<\/a><\/div>\n<\/div>\n<\/div>\n<\/div>\n<\/section>\n\n\n\n<section class=\"wp-block-group alignfull has-accent-background-color has-background has-global-padding is-layout-constrained wp-container-core-group-is-layout-405d5473 wp-block-group-is-layout-constrained\" style=\"margin-top:0%;margin-bottom:0;padding-top:var(--wp--preset--spacing--50);padding-right:var(--wp--preset--spacing--50);padding-bottom:var(--wp--preset--spacing--50);padding-left:var(--wp--preset--spacing--50)\">\n<div class=\"wp-block-columns alignwide is-layout-flex wp-container-core-columns-is-layout-1da03c2a wp-block-columns-is-layout-flex\">\n<div class=\"wp-block-column is-vertically-aligned-top is-layout-flow wp-container-core-column-is-layout-b2a27621 wp-block-column-is-layout-flow\" style=\"padding-top:0;padding-right:0;padding-bottom:0;padding-left:0;flex-basis:40%\">\n<figure class=\"wp-block-image size-full is-resized is-style-default\"><img loading=\"lazy\" decoding=\"async\" width=\"432\" height=\"648\" src=\"https:\/\/wealthierbook.com\/wp-content\/uploads\/2024\/06\/Spanish-book-cover-spanish.jpg\" alt=\"Mas Rico Cover\" class=\"wp-image-2075\" style=\"width:300px\" srcset=\"https:\/\/wealthierbook.com\/wp-content\/uploads\/2024\/06\/Spanish-book-cover-spanish.jpg 432w, https:\/\/wealthierbook.com\/wp-content\/uploads\/2024\/06\/Spanish-book-cover-spanish-200x300.jpg 200w\" sizes=\"auto, (max-width: 432px) 100vw, 432px\" \/><\/figure>\n<\/div>\n\n\n\n<div class=\"wp-block-column is-layout-flow wp-block-column-is-layout-flow\" style=\"flex-basis:60%\">\n<h2 class=\"wp-block-heading\"><strong>Tu mejor gu\u00eda para la libertad financiera<\/strong><\/h2>\n\n\n\n<p><strong>M\u00e1s Rico<\/strong>: <em>La gu\u00eda de inversi\u00f3n financiera para millenials<\/em> ser\u00e1 tu mejor gu\u00eda para desempe\u00f1arte en el mundo financiero. Es un libro que no solo te informa, sino que te inspira y empodera.<\/p>\n\n\n\n<p>En todos sus consejos pr\u00e1cticos, Dan Solin no da uso de ese vocabulario financiero complicado, m\u00e1s bien te ense\u00f1a todos los conceptos claramente y paso a paso, lo cual te permite entender f\u00e1cilmente para que as\u00ed tomes las riendas de tu destino financiero.<\/p>\n\n\n\n<p>Si tienes a alg\u00fan familiar o conocido millennial, \u00bfqu\u00e9 mejor manera de demostrarle tu afecto que regal\u00e1ndole un ejemplar de este libro que le cambiar\u00e1 la vida? <strong>M\u00e1s Rico<\/strong>: <em>La gu\u00eda de inversi\u00f3n financiera para millenials<\/em> es m\u00e1s que un libro, es un regalo de empoderamiento financiero que les ser\u00e1 \u00fatil para toda la vida.<\/p>\n\n\n\n<p>\u00bfListo para dar el primer paso hacia tu libertad financiera? Adqui\u00e9relo en Amazon y terminar\u00e1s siendo &#8220;m\u00e1s rico.&#8221;<\/p>\n\n\n\n<div class=\"wp-block-buttons is-layout-flex wp-block-buttons-is-layout-flex\">\n<div class=\"wp-block-button\"><a class=\"wp-block-button__link wp-element-button\" href=\"https:\/\/www.amazon.com\/Wealthier-Investing-Field-Guide-Millennials\/dp\/097487633X\/ref=tmm_pap_swatch_0?_encoding=UTF8&amp;qid=&amp;sr=\">Disponible en Amazon<\/a><\/div>\n<\/div>\n<\/div>\n<\/div>\n<\/section>\n\n\n\n<section class=\"wp-block-group alignfull has-contrast-color has-base-background-color has-text-color has-background has-link-color wp-elements-1de88b08ae06936b5ce37b6beee7647e has-global-padding is-layout-constrained wp-container-core-group-is-layout-bb0b9f73 wp-block-group-is-layout-constrained\" style=\"margin-top:0;margin-bottom:0px;padding-top:var(--wp--preset--spacing--50);padding-right:var(--wp--preset--spacing--50);padding-bottom:var(--wp--preset--spacing--50);padding-left:var(--wp--preset--spacing--50)\">\n<div class=\"wp-block-columns alignwide are-vertically-aligned-center is-layout-flex wp-container-core-columns-is-layout-47c06fe3 wp-block-columns-is-layout-flex\">\n<div class=\"wp-block-column is-vertically-aligned-center is-layout-flow wp-block-column-is-layout-flow\" style=\"flex-basis:50%\">\n<h2 class=\"wp-block-heading has-text-align-left has-contrast-color has-text-color has-link-color wp-elements-5d139787b2928f192b235999515cf1e5\">Descarga el Media Kit<\/h2>\n<\/div>\n\n\n\n<div class=\"wp-block-column is-vertically-aligned-center is-layout-flow wp-block-column-is-layout-flow\" style=\"flex-basis:50%\">\n<div class=\"wp-block-buttons is-content-justification-center is-layout-flex wp-container-core-buttons-is-layout-a89b3969 wp-block-buttons-is-layout-flex\">\n<div class=\"wp-block-button has-custom-font-size has-medium-font-size\"><a class=\"wp-block-button__link has-base-2-color has-contrast-2-background-color has-text-color has-background has-link-color has-text-align-center wp-element-button\" href=\"https:\/\/wealthierbook.com\/wp-content\/uploads\/2024\/08\/Wealthier-Media-Kit-Rev-Aug-2024.pdf\"><strong>Descarga el Media Kit<\/strong><\/a><\/div>\n<\/div>\n<\/div>\n<\/div>\n<\/section>\n","protected":false},"excerpt":{"rendered":"<p>Nueva publicaci\u00f3n de Dan Solin M\u00e1s Rico:La gu\u00eda de inversi\u00f3n financiera para millennials Dan Solin, el autor de M\u00e1s Rico: La gu\u00eda de inversi\u00f3n financiera para millennials, propone un cambio en la forma como los millennials manejan sus finanzas. Este libro es un alivio si est\u00e1s cansado de esos libros obsoletos de inversi\u00f3n que prometen [&hellip;]<\/p>\n","protected":false},"author":2,"featured_media":2014,"parent":0,"menu_order":0,"comment_status":"closed","ping_status":"closed","template":"page-no-title","meta":{"_locale":"es_MX","_original_post":"https:\/\/newsolinbook.wpenginepowered.com\/?page_id=1201","footnotes":""},"class_list":["post-2101","page","type-page","status-publish","has-post-thumbnail","hentry","es-MX"],"yoast_head":"<!-- This site is optimized with the Yoast SEO plugin v27.4 - https:\/\/yoast.com\/product\/yoast-seo-wordpress\/ -->\n<title>M\u00e1s Rico: La gu\u00eda de inversi\u00f3n financiera para millennials<\/title>\n<meta name=\"description\" content=\"Dan Solin, el autor de M\u00e1s Ricos: La gu\u00eda de inversi\u00f3n financiera para millennials, propone un cambio en la forma como los millennials manejan sus finanzas.\" \/>\n<meta name=\"robots\" content=\"index, follow, max-snippet:-1, max-image-preview:large, max-video-preview:-1\" \/>\n<link rel=\"canonical\" href=\"https:\/\/wealthierbook.com\/es\/\" \/>\n<meta property=\"og:locale\" content=\"es_MX\" \/>\n<meta property=\"og:type\" content=\"article\" \/>\n<meta property=\"og:title\" content=\"M\u00e1s Rico: La gu\u00eda de inversi\u00f3n financiera para millennials\" \/>\n<meta property=\"og:description\" content=\"Dan Solin, el autor de M\u00e1s Ricos: La gu\u00eda de inversi\u00f3n financiera para millennials, propone un cambio en la forma como los millennials manejan sus finanzas.\" \/>\n<meta property=\"og:url\" content=\"https:\/\/wealthierbook.com\/es\/\" \/>\n<meta property=\"og:site_name\" content=\"Wealthier: The Investing Field Guide for Millennials\" \/>\n<meta property=\"article:publisher\" content=\"https:\/\/www.facebook.com\/DanSolin\" \/>\n<meta property=\"article:modified_time\" content=\"2024-08-14T19:08:22+00:00\" \/>\n<meta property=\"og:image\" content=\"https:\/\/wealthierbook.com\/wp-content\/uploads\/2024\/02\/Wealthier-cover-Feb-23-432.jpg\" \/>\n\t<meta property=\"og:image:width\" content=\"432\" \/>\n\t<meta property=\"og:image:height\" content=\"648\" \/>\n\t<meta property=\"og:image:type\" content=\"image\/jpeg\" \/>\n<meta name=\"twitter:card\" content=\"summary_large_image\" \/>\n<meta name=\"twitter:site\" content=\"@DanSolin\" \/>\n<meta name=\"twitter:label1\" content=\"Tiempo de lectura\" \/>\n\t<meta name=\"twitter:data1\" content=\"4 minutos\" \/>\n<script type=\"application\/ld+json\" class=\"yoast-schema-graph\">{\"@context\":\"https:\\\/\\\/schema.org\",\"@graph\":[{\"@type\":\"WebPage\",\"@id\":\"https:\\\/\\\/wealthierbook.com\\\/es\\\/\",\"url\":\"https:\\\/\\\/wealthierbook.com\\\/es\\\/\",\"name\":\"M\u00e1s Rico: La gu\u00eda de inversi\u00f3n financiera para millennials\",\"isPartOf\":{\"@id\":\"https:\\\/\\\/wealthierbook.com\\\/#website\"},\"primaryImageOfPage\":{\"@id\":\"https:\\\/\\\/wealthierbook.com\\\/es\\\/#primaryimage\"},\"image\":{\"@id\":\"https:\\\/\\\/wealthierbook.com\\\/es\\\/#primaryimage\"},\"thumbnailUrl\":\"https:\\\/\\\/wealthierbook.com\\\/wp-content\\\/uploads\\\/2024\\\/02\\\/Wealthier-cover-Feb-23-432.jpg\",\"datePublished\":\"2024-06-10T21:28:29+00:00\",\"dateModified\":\"2024-08-14T19:08:22+00:00\",\"description\":\"Dan Solin, el autor de M\u00e1s Ricos: La gu\u00eda de inversi\u00f3n financiera para millennials, propone un cambio en la forma como los millennials manejan sus finanzas.\",\"breadcrumb\":{\"@id\":\"https:\\\/\\\/wealthierbook.com\\\/es\\\/#breadcrumb\"},\"inLanguage\":\"es\",\"potentialAction\":[{\"@type\":\"ReadAction\",\"target\":[\"https:\\\/\\\/wealthierbook.com\\\/es\\\/\"]}]},{\"@type\":\"ImageObject\",\"inLanguage\":\"es\",\"@id\":\"https:\\\/\\\/wealthierbook.com\\\/es\\\/#primaryimage\",\"url\":\"https:\\\/\\\/wealthierbook.com\\\/wp-content\\\/uploads\\\/2024\\\/02\\\/Wealthier-cover-Feb-23-432.jpg\",\"contentUrl\":\"https:\\\/\\\/wealthierbook.com\\\/wp-content\\\/uploads\\\/2024\\\/02\\\/Wealthier-cover-Feb-23-432.jpg\",\"width\":432,\"height\":648,\"caption\":\"Wealthier cover, February 2024\"},{\"@type\":\"BreadcrumbList\",\"@id\":\"https:\\\/\\\/wealthierbook.com\\\/es\\\/#breadcrumb\",\"itemListElement\":[{\"@type\":\"ListItem\",\"position\":1,\"name\":\"Home\",\"item\":\"https:\\\/\\\/wealthierbook.com\\\/es\\\/\"},{\"@type\":\"ListItem\",\"position\":2,\"name\":\"Inicio\"}]},{\"@type\":\"WebSite\",\"@id\":\"https:\\\/\\\/wealthierbook.com\\\/#website\",\"url\":\"https:\\\/\\\/wealthierbook.com\\\/\",\"name\":\"Wealthier: The Investing Field Guide for America's Millennials\",\"description\":\"\",\"publisher\":{\"@id\":\"https:\\\/\\\/wealthierbook.com\\\/#\\\/schema\\\/person\\\/3512e03ddbe8392628d5e64937d4d11d\"},\"potentialAction\":[{\"@type\":\"SearchAction\",\"target\":{\"@type\":\"EntryPoint\",\"urlTemplate\":\"https:\\\/\\\/wealthierbook.com\\\/?s={search_term_string}\"},\"query-input\":{\"@type\":\"PropertyValueSpecification\",\"valueRequired\":true,\"valueName\":\"search_term_string\"}}],\"inLanguage\":\"es\"},{\"@type\":[\"Person\",\"Organization\"],\"@id\":\"https:\\\/\\\/wealthierbook.com\\\/#\\\/schema\\\/person\\\/3512e03ddbe8392628d5e64937d4d11d\",\"name\":\"Dan Solin\",\"image\":{\"@type\":\"ImageObject\",\"inLanguage\":\"es\",\"@id\":\"https:\\\/\\\/wealthierbook.com\\\/wp-content\\\/uploads\\\/2023\\\/12\\\/dan-hedcut.png\",\"url\":\"https:\\\/\\\/wealthierbook.com\\\/wp-content\\\/uploads\\\/2023\\\/12\\\/dan-hedcut.png\",\"contentUrl\":\"https:\\\/\\\/wealthierbook.com\\\/wp-content\\\/uploads\\\/2023\\\/12\\\/dan-hedcut.png\",\"width\":300,\"height\":300,\"caption\":\"Dan Solin\"},\"logo\":{\"@id\":\"https:\\\/\\\/wealthierbook.com\\\/wp-content\\\/uploads\\\/2023\\\/12\\\/dan-hedcut.png\"},\"sameAs\":[\"https:\\\/\\\/wealthierbook.com\",\"https:\\\/\\\/www.facebook.com\\\/DanSolin\",\"https:\\\/\\\/www.instagram.com\\\/\",\"https:\\\/\\\/www.linkedin.com\\\/in\\\/dansolin\\\/\",\"https:\\\/\\\/x.com\\\/DanSolin\",\"https:\\\/\\\/www.youtube.com\\\/@Danielsolin\"]}]}<\/script>\n<!-- \/ Yoast SEO plugin. -->","yoast_head_json":{"title":"M\u00e1s Rico: La gu\u00eda de inversi\u00f3n financiera para millennials","description":"Dan Solin, el autor de M\u00e1s Ricos: La gu\u00eda de inversi\u00f3n financiera para millennials, propone un cambio en la forma como los millennials manejan sus finanzas.","robots":{"index":"index","follow":"follow","max-snippet":"max-snippet:-1","max-image-preview":"max-image-preview:large","max-video-preview":"max-video-preview:-1"},"canonical":"https:\/\/wealthierbook.com\/es\/","og_locale":"es_MX","og_type":"article","og_title":"M\u00e1s Rico: La gu\u00eda de inversi\u00f3n financiera para millennials","og_description":"Dan Solin, el autor de M\u00e1s Ricos: La gu\u00eda de inversi\u00f3n financiera para millennials, propone un cambio en la forma como los millennials manejan sus finanzas.","og_url":"https:\/\/wealthierbook.com\/es\/","og_site_name":"Wealthier: The Investing Field Guide for Millennials","article_publisher":"https:\/\/www.facebook.com\/DanSolin","article_modified_time":"2024-08-14T19:08:22+00:00","og_image":[{"width":432,"height":648,"url":"https:\/\/wealthierbook.com\/wp-content\/uploads\/2024\/02\/Wealthier-cover-Feb-23-432.jpg","type":"image\/jpeg"}],"twitter_card":"summary_large_image","twitter_site":"@DanSolin","twitter_misc":{"Tiempo de lectura":"4 minutos"},"schema":{"@context":"https:\/\/schema.org","@graph":[{"@type":"WebPage","@id":"https:\/\/wealthierbook.com\/es\/","url":"https:\/\/wealthierbook.com\/es\/","name":"M\u00e1s Rico: La gu\u00eda de inversi\u00f3n financiera para millennials","isPartOf":{"@id":"https:\/\/wealthierbook.com\/#website"},"primaryImageOfPage":{"@id":"https:\/\/wealthierbook.com\/es\/#primaryimage"},"image":{"@id":"https:\/\/wealthierbook.com\/es\/#primaryimage"},"thumbnailUrl":"https:\/\/wealthierbook.com\/wp-content\/uploads\/2024\/02\/Wealthier-cover-Feb-23-432.jpg","datePublished":"2024-06-10T21:28:29+00:00","dateModified":"2024-08-14T19:08:22+00:00","description":"Dan Solin, el autor de M\u00e1s Ricos: La gu\u00eda de inversi\u00f3n financiera para millennials, propone un cambio en la forma como los millennials manejan sus finanzas.","breadcrumb":{"@id":"https:\/\/wealthierbook.com\/es\/#breadcrumb"},"inLanguage":"es","potentialAction":[{"@type":"ReadAction","target":["https:\/\/wealthierbook.com\/es\/"]}]},{"@type":"ImageObject","inLanguage":"es","@id":"https:\/\/wealthierbook.com\/es\/#primaryimage","url":"https:\/\/wealthierbook.com\/wp-content\/uploads\/2024\/02\/Wealthier-cover-Feb-23-432.jpg","contentUrl":"https:\/\/wealthierbook.com\/wp-content\/uploads\/2024\/02\/Wealthier-cover-Feb-23-432.jpg","width":432,"height":648,"caption":"Wealthier cover, February 2024"},{"@type":"BreadcrumbList","@id":"https:\/\/wealthierbook.com\/es\/#breadcrumb","itemListElement":[{"@type":"ListItem","position":1,"name":"Home","item":"https:\/\/wealthierbook.com\/es\/"},{"@type":"ListItem","position":2,"name":"Inicio"}]},{"@type":"WebSite","@id":"https:\/\/wealthierbook.com\/#website","url":"https:\/\/wealthierbook.com\/","name":"Wealthier: The Investing Field Guide for America's Millennials","description":"","publisher":{"@id":"https:\/\/wealthierbook.com\/#\/schema\/person\/3512e03ddbe8392628d5e64937d4d11d"},"potentialAction":[{"@type":"SearchAction","target":{"@type":"EntryPoint","urlTemplate":"https:\/\/wealthierbook.com\/?s={search_term_string}"},"query-input":{"@type":"PropertyValueSpecification","valueRequired":true,"valueName":"search_term_string"}}],"inLanguage":"es"},{"@type":["Person","Organization"],"@id":"https:\/\/wealthierbook.com\/#\/schema\/person\/3512e03ddbe8392628d5e64937d4d11d","name":"Dan Solin","image":{"@type":"ImageObject","inLanguage":"es","@id":"https:\/\/wealthierbook.com\/wp-content\/uploads\/2023\/12\/dan-hedcut.png","url":"https:\/\/wealthierbook.com\/wp-content\/uploads\/2023\/12\/dan-hedcut.png","contentUrl":"https:\/\/wealthierbook.com\/wp-content\/uploads\/2023\/12\/dan-hedcut.png","width":300,"height":300,"caption":"Dan Solin"},"logo":{"@id":"https:\/\/wealthierbook.com\/wp-content\/uploads\/2023\/12\/dan-hedcut.png"},"sameAs":["https:\/\/wealthierbook.com","https:\/\/www.facebook.com\/DanSolin","https:\/\/www.instagram.com\/","https:\/\/www.linkedin.com\/in\/dansolin\/","https:\/\/x.com\/DanSolin","https:\/\/www.youtube.com\/@Danielsolin"]}]}},"_links":{"self":[{"href":"https:\/\/wealthierbook.com\/wp-json\/wp\/v2\/pages\/2101","targetHints":{"allow":["GET"]}}],"collection":[{"href":"https:\/\/wealthierbook.com\/wp-json\/wp\/v2\/pages"}],"about":[{"href":"https:\/\/wealthierbook.com\/wp-json\/wp\/v2\/types\/page"}],"author":[{"embeddable":true,"href":"https:\/\/wealthierbook.com\/wp-json\/wp\/v2\/users\/2"}],"replies":[{"embeddable":true,"href":"https:\/\/wealthierbook.com\/wp-json\/wp\/v2\/comments?post=2101"}],"version-history":[{"count":0,"href":"https:\/\/wealthierbook.com\/wp-json\/wp\/v2\/pages\/2101\/revisions"}],"wp:featuredmedia":[{"embeddable":true,"href":"https:\/\/wealthierbook.com\/wp-json\/wp\/v2\/media\/2014"}],"wp:attachment":[{"href":"https:\/\/wealthierbook.com\/wp-json\/wp\/v2\/media?parent=2101"}],"curies":[{"name":"wp","href":"https:\/\/api.w.org\/{rel}","templated":true}]}}