{"id":2099,"date":"2024-06-10T17:21:57","date_gmt":"2024-06-10T21:21:57","guid":{"rendered":"https:\/\/wealthierbook.com\/?page_id=2099"},"modified":"2024-06-10T17:21:58","modified_gmt":"2024-06-10T21:21:58","slug":"about-the-author","status":"publish","type":"page","link":"https:\/\/wealthierbook.com\/es\/about-the-author\/","title":{"rendered":"Qui\u00e9n es Dan"},"content":{"rendered":"\n<section class=\"wp-block-group alignfull has-accent-background-color has-background has-global-padding is-layout-constrained wp-container-core-group-is-layout-cefddfb7 wp-block-group-is-layout-constrained\" style=\"margin-top:var(--wp--preset--spacing--10);margin-bottom:0;padding-top:2rem;padding-right:var(--wp--preset--spacing--50);padding-bottom:2rem;padding-left:var(--wp--preset--spacing--50)\">\n<div class=\"wp-block-columns alignwide is-layout-flex wp-container-core-columns-is-layout-1da03c2a wp-block-columns-is-layout-flex\">\n<div class=\"wp-block-column is-vertically-aligned-stretch is-layout-flow wp-block-column-is-layout-flow\" style=\"flex-basis:50%\">\n<figure class=\"wp-block-image aligncenter size-full is-style-rounded is-style-rounded--1\"><img loading=\"lazy\" decoding=\"async\" width=\"640\" height=\"854\" src=\"https:\/\/wealthierbook.com\/wp-content\/uploads\/2023\/12\/Dannobg2-1.png\" alt=\"Dan Solin\" class=\"wp-image-1814\" style=\"aspect-ratio:3\/4;object-fit:cover\" srcset=\"https:\/\/wealthierbook.com\/wp-content\/uploads\/2023\/12\/Dannobg2-1.png 640w, https:\/\/wealthierbook.com\/wp-content\/uploads\/2023\/12\/Dannobg2-1-225x300.png 225w\" sizes=\"auto, (max-width: 640px) 100vw, 640px\" \/><\/figure>\n<\/div>\n\n\n\n<div class=\"wp-block-column is-vertically-aligned-center is-layout-flow wp-block-column-is-layout-flow\" style=\"flex-basis:50%\">\n<div class=\"wp-block-group is-vertical is-content-justification-stretch is-layout-flex wp-container-core-group-is-layout-444d5ee8 wp-block-group-is-layout-flex\" style=\"min-height:100%\">\n<p class=\"has-heading-font-family has-xx-large-font-size\" style=\"line-height:1.2\">Un Defensor Comprometido con el Ciudadano Com\u00fan<\/p>\n\n\n\n<div class=\"wp-block-group has-global-padding is-content-justification-left is-layout-constrained wp-container-core-group-is-layout-21bdf163 wp-block-group-is-layout-constrained\">\n<p>Hola, soy Dan. Un gusto tenerte por aqu\u00ed. Me alegra que est\u00e9s interesado en mi m\u00e1s reciente libro <strong>M\u00e1s Rico<\/strong>: <em>La gu\u00eda de inversi\u00f3n financiera para millennials<\/em>.<\/p>\n\n\n\n<p>Perm\u00edteme presentarme y compartir contigo un poco de c\u00f3mo ha sido este viaje que me ha llevado a crear este libro tan transformador.<\/p>\n<\/div>\n<\/div>\n<\/div>\n<\/div>\n<\/section>\n\n\n\n<section class=\"wp-block-group alignfull has-base-background-color has-background has-global-padding is-layout-constrained wp-container-core-group-is-layout-4a283e3b wp-block-group-is-layout-constrained\" style=\"margin-top:var(--wp--preset--spacing--40);margin-bottom:var(--wp--preset--spacing--40);padding-top:2rem;padding-right:var(--wp--preset--spacing--40);padding-bottom:2rem;padding-left:var(--wp--preset--spacing--40)\">\n<div class=\"wp-block-columns alignwide is-layout-flex wp-container-core-columns-is-layout-2ffa31e9 wp-block-columns-is-layout-flex\" style=\"margin-top:0;margin-bottom:0;padding-right:var(--wp--preset--spacing--20);padding-left:var(--wp--preset--spacing--20)\">\n<div class=\"wp-block-column is-layout-flow wp-block-column-is-layout-flow\" style=\"flex-basis:30%\">\n<figure class=\"wp-block-image size-full\"><img loading=\"lazy\" decoding=\"async\" width=\"400\" height=\"533\" src=\"https:\/\/wealthierbook.com\/wp-content\/uploads\/2024\/02\/DanSolinAtWindowFeb2024Small.jpg\" alt=\"Dan Solin standing by a window.\" class=\"wp-image-2002\" srcset=\"https:\/\/wealthierbook.com\/wp-content\/uploads\/2024\/02\/DanSolinAtWindowFeb2024Small.jpg 400w, https:\/\/wealthierbook.com\/wp-content\/uploads\/2024\/02\/DanSolinAtWindowFeb2024Small-225x300.jpg 225w\" sizes=\"auto, (max-width: 400px) 100vw, 400px\" \/><\/figure>\n<\/div>\n\n\n\n<div class=\"wp-block-column is-layout-flow wp-block-column-is-layout-flow\">\n<h2 class=\"wp-block-heading has-large-font-size\">Un Aliado del Desamparado<\/h2>\n\n\n\n<p>Durante m\u00e1s de dos d\u00e9cadas, me he empe\u00f1ado en ayudar al ciudadano com\u00fan para que pueda llevar una vida mejor y m\u00e1s segura en el \u00e1mbito financiero. No soy el t\u00edpico experto ni escritor financiero, pues la vida me ha llevado a recorrer un camino distinto: soy un abogado con distintos ideales y exasesor financiero. No le temo a enfrentarme a los grandes poderes cuando estos son los que perjudican a las personas que se supone deben servir.<\/p>\n\n\n\n<p>Mi pasi\u00f3n radica en ayudar al desamparado, a aquellas personas que no tienen f\u00e1cil acceso al complejo mundo de la investigaci\u00f3n financiera y que merecen la oportunidad de lograr el \u00e9xito financiero. Mi trabajo es facilitar y transformar esos conceptos complejos en consejos pr\u00e1cticos y comprensibles para que cualquiera pueda entenderlos e implementarlos.<\/p>\n<\/div>\n\n\n\n<div class=\"wp-block-column is-layout-flow wp-block-column-is-layout-flow\">\n<h2 class=\"wp-block-heading has-large-font-size\">Decirle la Verdad al Poderoso<\/h2>\n\n\n\n<p>Mantengo mi posici\u00f3n firme siendo objetivo y procurando la verdad en un mundo lleno de agendas e intereses ocultos. No tengo ninguna agenda ni plan oculto, pues mi \u00fanico plan e inter\u00e9s es brindarte un asesoramiento de forma transparente que mis extensas investigaciones comprueban y revelan.<\/p>\n\n\n\n<h2 class=\"wp-block-heading has-large-font-size\">Tu Aliado Financiero Imparcial<\/h2>\n\n\n\n<p>No pertenezco ni reporto a ninguna entidad corporativa ni inter\u00e9s en particular. Mi \u00fanica lealtad es con mis lectores, a quienes los equipar\u00e9 del conocimiento y las herramientas necesarias para que tomen las decisiones financieras adecuadas que se alineen con sus mejores intereses.<\/p>\n<\/div>\n<\/div>\n<\/section>\n\n\n\n<section class=\"wp-block-group alignfull has-accent-5-background-color has-background has-global-padding is-layout-constrained wp-container-core-group-is-layout-7ea45eeb wp-block-group-is-layout-constrained\" style=\"margin-top:var(--wp--preset--spacing--40);margin-bottom:var(--wp--preset--spacing--60);padding-top:2rem;padding-right:var(--wp--preset--spacing--40);padding-bottom:2rem;padding-left:var(--wp--preset--spacing--40)\">\n<div class=\"wp-block-columns alignwide is-layout-flex wp-container-core-columns-is-layout-2ffa31e9 wp-block-columns-is-layout-flex\" style=\"margin-top:0;margin-bottom:0;padding-right:var(--wp--preset--spacing--20);padding-left:var(--wp--preset--spacing--20)\">\n<div class=\"wp-block-column is-layout-flow wp-block-column-is-layout-flow\" style=\"flex-basis:50%\">\n<h2 class=\"wp-block-heading has-large-font-size\">Mi Vida en Bonita Springs<\/h2>\n\n\n\n<p>Adem\u00e1s de mi pasi\u00f3n y compromiso con las finanzas, tambi\u00e9n tengo el privilegio de llamar mi hogar a Bonita Springs en Florida. Aqu\u00ed, comparto mi vida con mi maravillosa esposa, Patricia, quien es una destacada y talentosa artista y mi m\u00e1ximo apoyo. A ella le debo gran parte de este viaje, incluyendo la creaci\u00f3n de <strong>M\u00e1s Rico<\/strong>: <em>La gu\u00eda de inversi\u00f3n financiera para millennials<\/em>, todo gracias a su inmenso apoyo y amor incondicional.<\/p>\n\n\n\n<p>As\u00ed que ya conoces algo de m\u00ed: soy Dan Solin, un defensor comprometido del ciudadano com\u00fan, del desamparado y tambi\u00e9n defensor inquebrantable de la verdad y objetividad en las finanzas.<\/p>\n<\/div>\n\n\n\n<div class=\"wp-block-column is-layout-flow wp-block-column-is-layout-flow\" style=\"flex-basis:50%\">\n<figure class=\"wp-block-image size-full\"><img loading=\"lazy\" decoding=\"async\" width=\"600\" height=\"400\" src=\"https:\/\/wealthierbook.com\/wp-content\/uploads\/2023\/12\/DanandPatricia.jpg\" alt=\"Dan and Patricia Solin\" class=\"wp-image-1785\" srcset=\"https:\/\/wealthierbook.com\/wp-content\/uploads\/2023\/12\/DanandPatricia.jpg 600w, https:\/\/wealthierbook.com\/wp-content\/uploads\/2023\/12\/DanandPatricia-300x200.jpg 300w\" sizes=\"auto, (max-width: 600px) 100vw, 600px\" \/><figcaption class=\"wp-element-caption\">Dan con su esposa Patricia, una artista talentosa, y su apoyo incondicional.<\/figcaption><\/figure>\n<\/div>\n<\/div>\n<\/section>\n","protected":false},"excerpt":{"rendered":"<p>Un Defensor Comprometido con el Ciudadano Com\u00fan Hola, soy Dan. Un gusto tenerte por aqu\u00ed. Me alegra que est\u00e9s interesado en mi m\u00e1s reciente libro M\u00e1s Rico: La gu\u00eda de inversi\u00f3n financiera para millennials. Perm\u00edteme presentarme y compartir contigo un poco de c\u00f3mo ha sido este viaje que me ha llevado a crear este libro [&hellip;]<\/p>\n","protected":false},"author":2,"featured_media":0,"parent":0,"menu_order":0,"comment_status":"closed","ping_status":"closed","template":"page-no-title","meta":{"_locale":"es_MX","_original_post":"https:\/\/newsolinbook.wpenginepowered.com\/?page_id=1203","footnotes":""},"class_list":["post-2099","page","type-page","status-publish","hentry","es-MX"],"yoast_head":"<!-- This site is optimized with the Yoast SEO plugin v27.5 - https:\/\/yoast.com\/product\/yoast-seo-wordpress\/ -->\n<title>Qui\u00e9n es Dan - M\u00e1s Rico: La gu\u00eda de inversi\u00f3n financiera para millennials<\/title>\n<meta name=\"description\" content=\"Dan Solin es el autor m\u00e1s vendido del New York Times de la serie de libros de inversi\u00f3n Smartest.\" \/>\n<meta name=\"robots\" content=\"index, follow, max-snippet:-1, max-image-preview:large, max-video-preview:-1\" \/>\n<link rel=\"canonical\" href=\"https:\/\/wealthierbook.com\/es\/about-the-author\/\" \/>\n<meta property=\"og:locale\" content=\"es_MX\" \/>\n<meta property=\"og:type\" content=\"article\" \/>\n<meta property=\"og:title\" content=\"Qui\u00e9n es Dan - M\u00e1s Rico: La gu\u00eda de inversi\u00f3n financiera para millennials\" \/>\n<meta property=\"og:description\" content=\"Dan Solin es el autor m\u00e1s vendido del New York Times de la serie de libros de inversi\u00f3n Smartest.\" \/>\n<meta property=\"og:url\" content=\"https:\/\/wealthierbook.com\/es\/about-the-author\/\" \/>\n<meta property=\"og:site_name\" content=\"Wealthier: The Investing Field Guide for Millennials\" \/>\n<meta property=\"article:publisher\" content=\"https:\/\/www.facebook.com\/DanSolin\" \/>\n<meta property=\"article:modified_time\" content=\"2024-06-10T21:21:58+00:00\" \/>\n<meta property=\"og:image\" content=\"https:\/\/wealthierbook.com\/wp-content\/uploads\/2023\/12\/Dannobg2-1.png\" \/>\n<meta name=\"twitter:card\" content=\"summary_large_image\" \/>\n<meta name=\"twitter:site\" content=\"@DanSolin\" \/>\n<meta name=\"twitter:label1\" content=\"Tiempo de lectura\" \/>\n\t<meta name=\"twitter:data1\" content=\"3 minutos\" \/>\n<script type=\"application\/ld+json\" class=\"yoast-schema-graph\">{\"@context\":\"https:\\\/\\\/schema.org\",\"@graph\":[{\"@type\":\"WebPage\",\"@id\":\"https:\\\/\\\/wealthierbook.com\\\/es\\\/about-the-author\\\/\",\"url\":\"https:\\\/\\\/wealthierbook.com\\\/es\\\/about-the-author\\\/\",\"name\":\"Qui\u00e9n es Dan - M\u00e1s Rico: La gu\u00eda de inversi\u00f3n financiera para millennials\",\"isPartOf\":{\"@id\":\"https:\\\/\\\/wealthierbook.com\\\/#website\"},\"primaryImageOfPage\":{\"@id\":\"https:\\\/\\\/wealthierbook.com\\\/es\\\/about-the-author\\\/#primaryimage\"},\"image\":{\"@id\":\"https:\\\/\\\/wealthierbook.com\\\/es\\\/about-the-author\\\/#primaryimage\"},\"thumbnailUrl\":\"https:\\\/\\\/wealthierbook.com\\\/wp-content\\\/uploads\\\/2023\\\/12\\\/Dannobg2-1.png\",\"datePublished\":\"2024-06-10T21:21:57+00:00\",\"dateModified\":\"2024-06-10T21:21:58+00:00\",\"description\":\"Dan Solin es el autor m\u00e1s vendido del New York Times de la serie de libros de inversi\u00f3n Smartest.\",\"breadcrumb\":{\"@id\":\"https:\\\/\\\/wealthierbook.com\\\/es\\\/about-the-author\\\/#breadcrumb\"},\"inLanguage\":\"es\",\"potentialAction\":[{\"@type\":\"ReadAction\",\"target\":[\"https:\\\/\\\/wealthierbook.com\\\/es\\\/about-the-author\\\/\"]}]},{\"@type\":\"ImageObject\",\"inLanguage\":\"es\",\"@id\":\"https:\\\/\\\/wealthierbook.com\\\/es\\\/about-the-author\\\/#primaryimage\",\"url\":\"https:\\\/\\\/wealthierbook.com\\\/wp-content\\\/uploads\\\/2023\\\/12\\\/Dannobg2-1.png\",\"contentUrl\":\"https:\\\/\\\/wealthierbook.com\\\/wp-content\\\/uploads\\\/2023\\\/12\\\/Dannobg2-1.png\",\"width\":640,\"height\":854},{\"@type\":\"BreadcrumbList\",\"@id\":\"https:\\\/\\\/wealthierbook.com\\\/es\\\/about-the-author\\\/#breadcrumb\",\"itemListElement\":[{\"@type\":\"ListItem\",\"position\":1,\"name\":\"Home\",\"item\":\"https:\\\/\\\/wealthierbook.com\\\/es\\\/\"},{\"@type\":\"ListItem\",\"position\":2,\"name\":\"Qui\u00e9n es Dan\"}]},{\"@type\":\"WebSite\",\"@id\":\"https:\\\/\\\/wealthierbook.com\\\/#website\",\"url\":\"https:\\\/\\\/wealthierbook.com\\\/\",\"name\":\"Wealthier: The Investing Field Guide for America's Millennials\",\"description\":\"\",\"publisher\":{\"@id\":\"https:\\\/\\\/wealthierbook.com\\\/#\\\/schema\\\/person\\\/3512e03ddbe8392628d5e64937d4d11d\"},\"potentialAction\":[{\"@type\":\"SearchAction\",\"target\":{\"@type\":\"EntryPoint\",\"urlTemplate\":\"https:\\\/\\\/wealthierbook.com\\\/?s={search_term_string}\"},\"query-input\":{\"@type\":\"PropertyValueSpecification\",\"valueRequired\":true,\"valueName\":\"search_term_string\"}}],\"inLanguage\":\"es\"},{\"@type\":[\"Person\",\"Organization\"],\"@id\":\"https:\\\/\\\/wealthierbook.com\\\/#\\\/schema\\\/person\\\/3512e03ddbe8392628d5e64937d4d11d\",\"name\":\"Dan Solin\",\"image\":{\"@type\":\"ImageObject\",\"inLanguage\":\"es\",\"@id\":\"https:\\\/\\\/wealthierbook.com\\\/wp-content\\\/uploads\\\/2023\\\/12\\\/dan-hedcut.png\",\"url\":\"https:\\\/\\\/wealthierbook.com\\\/wp-content\\\/uploads\\\/2023\\\/12\\\/dan-hedcut.png\",\"contentUrl\":\"https:\\\/\\\/wealthierbook.com\\\/wp-content\\\/uploads\\\/2023\\\/12\\\/dan-hedcut.png\",\"width\":300,\"height\":300,\"caption\":\"Dan Solin\"},\"logo\":{\"@id\":\"https:\\\/\\\/wealthierbook.com\\\/wp-content\\\/uploads\\\/2023\\\/12\\\/dan-hedcut.png\"},\"sameAs\":[\"https:\\\/\\\/wealthierbook.com\",\"https:\\\/\\\/www.facebook.com\\\/DanSolin\",\"https:\\\/\\\/www.instagram.com\\\/\",\"https:\\\/\\\/www.linkedin.com\\\/in\\\/dansolin\\\/\",\"https:\\\/\\\/x.com\\\/DanSolin\",\"https:\\\/\\\/www.youtube.com\\\/@Danielsolin\"]}]}<\/script>\n<!-- \/ Yoast SEO plugin. -->","yoast_head_json":{"title":"Qui\u00e9n es Dan - M\u00e1s Rico: La gu\u00eda de inversi\u00f3n financiera para millennials","description":"Dan Solin es el autor m\u00e1s vendido del New York Times de la serie de libros de inversi\u00f3n Smartest.","robots":{"index":"index","follow":"follow","max-snippet":"max-snippet:-1","max-image-preview":"max-image-preview:large","max-video-preview":"max-video-preview:-1"},"canonical":"https:\/\/wealthierbook.com\/es\/about-the-author\/","og_locale":"es_MX","og_type":"article","og_title":"Qui\u00e9n es Dan - M\u00e1s Rico: La gu\u00eda de inversi\u00f3n financiera para millennials","og_description":"Dan Solin es el autor m\u00e1s vendido del New York Times de la serie de libros de inversi\u00f3n Smartest.","og_url":"https:\/\/wealthierbook.com\/es\/about-the-author\/","og_site_name":"Wealthier: The Investing Field Guide for Millennials","article_publisher":"https:\/\/www.facebook.com\/DanSolin","article_modified_time":"2024-06-10T21:21:58+00:00","og_image":[{"url":"https:\/\/wealthierbook.com\/wp-content\/uploads\/2023\/12\/Dannobg2-1.png","type":"","width":"","height":""}],"twitter_card":"summary_large_image","twitter_site":"@DanSolin","twitter_misc":{"Tiempo de lectura":"3 minutos"},"schema":{"@context":"https:\/\/schema.org","@graph":[{"@type":"WebPage","@id":"https:\/\/wealthierbook.com\/es\/about-the-author\/","url":"https:\/\/wealthierbook.com\/es\/about-the-author\/","name":"Qui\u00e9n es Dan - M\u00e1s Rico: La gu\u00eda de inversi\u00f3n financiera para millennials","isPartOf":{"@id":"https:\/\/wealthierbook.com\/#website"},"primaryImageOfPage":{"@id":"https:\/\/wealthierbook.com\/es\/about-the-author\/#primaryimage"},"image":{"@id":"https:\/\/wealthierbook.com\/es\/about-the-author\/#primaryimage"},"thumbnailUrl":"https:\/\/wealthierbook.com\/wp-content\/uploads\/2023\/12\/Dannobg2-1.png","datePublished":"2024-06-10T21:21:57+00:00","dateModified":"2024-06-10T21:21:58+00:00","description":"Dan Solin es el autor m\u00e1s vendido del New York Times de la serie de libros de inversi\u00f3n Smartest.","breadcrumb":{"@id":"https:\/\/wealthierbook.com\/es\/about-the-author\/#breadcrumb"},"inLanguage":"es","potentialAction":[{"@type":"ReadAction","target":["https:\/\/wealthierbook.com\/es\/about-the-author\/"]}]},{"@type":"ImageObject","inLanguage":"es","@id":"https:\/\/wealthierbook.com\/es\/about-the-author\/#primaryimage","url":"https:\/\/wealthierbook.com\/wp-content\/uploads\/2023\/12\/Dannobg2-1.png","contentUrl":"https:\/\/wealthierbook.com\/wp-content\/uploads\/2023\/12\/Dannobg2-1.png","width":640,"height":854},{"@type":"BreadcrumbList","@id":"https:\/\/wealthierbook.com\/es\/about-the-author\/#breadcrumb","itemListElement":[{"@type":"ListItem","position":1,"name":"Home","item":"https:\/\/wealthierbook.com\/es\/"},{"@type":"ListItem","position":2,"name":"Qui\u00e9n es Dan"}]},{"@type":"WebSite","@id":"https:\/\/wealthierbook.com\/#website","url":"https:\/\/wealthierbook.com\/","name":"Wealthier: The Investing Field Guide for America's Millennials","description":"","publisher":{"@id":"https:\/\/wealthierbook.com\/#\/schema\/person\/3512e03ddbe8392628d5e64937d4d11d"},"potentialAction":[{"@type":"SearchAction","target":{"@type":"EntryPoint","urlTemplate":"https:\/\/wealthierbook.com\/?s={search_term_string}"},"query-input":{"@type":"PropertyValueSpecification","valueRequired":true,"valueName":"search_term_string"}}],"inLanguage":"es"},{"@type":["Person","Organization"],"@id":"https:\/\/wealthierbook.com\/#\/schema\/person\/3512e03ddbe8392628d5e64937d4d11d","name":"Dan Solin","image":{"@type":"ImageObject","inLanguage":"es","@id":"https:\/\/wealthierbook.com\/wp-content\/uploads\/2023\/12\/dan-hedcut.png","url":"https:\/\/wealthierbook.com\/wp-content\/uploads\/2023\/12\/dan-hedcut.png","contentUrl":"https:\/\/wealthierbook.com\/wp-content\/uploads\/2023\/12\/dan-hedcut.png","width":300,"height":300,"caption":"Dan Solin"},"logo":{"@id":"https:\/\/wealthierbook.com\/wp-content\/uploads\/2023\/12\/dan-hedcut.png"},"sameAs":["https:\/\/wealthierbook.com","https:\/\/www.facebook.com\/DanSolin","https:\/\/www.instagram.com\/","https:\/\/www.linkedin.com\/in\/dansolin\/","https:\/\/x.com\/DanSolin","https:\/\/www.youtube.com\/@Danielsolin"]}]}},"_links":{"self":[{"href":"https:\/\/wealthierbook.com\/wp-json\/wp\/v2\/pages\/2099","targetHints":{"allow":["GET"]}}],"collection":[{"href":"https:\/\/wealthierbook.com\/wp-json\/wp\/v2\/pages"}],"about":[{"href":"https:\/\/wealthierbook.com\/wp-json\/wp\/v2\/types\/page"}],"author":[{"embeddable":true,"href":"https:\/\/wealthierbook.com\/wp-json\/wp\/v2\/users\/2"}],"replies":[{"embeddable":true,"href":"https:\/\/wealthierbook.com\/wp-json\/wp\/v2\/comments?post=2099"}],"version-history":[{"count":0,"href":"https:\/\/wealthierbook.com\/wp-json\/wp\/v2\/pages\/2099\/revisions"}],"wp:attachment":[{"href":"https:\/\/wealthierbook.com\/wp-json\/wp\/v2\/media?parent=2099"}],"curies":[{"name":"wp","href":"https:\/\/api.w.org\/{rel}","templated":true}]}}