{"id":2089,"date":"2024-06-07T17:27:06","date_gmt":"2024-06-07T21:27:06","guid":{"rendered":"https:\/\/wealthierbook.com\/?page_id=2089"},"modified":"2024-06-10T16:47:50","modified_gmt":"2024-06-10T20:47:50","slug":"dans-biografia","status":"publish","type":"page","link":"https:\/\/wealthierbook.com\/es\/dans-biografia\/","title":{"rendered":"Dan&#8217;s Biograf\u00eda"},"content":{"rendered":"\n<div class=\"wp-block-group alignfull has-accent-4-background-color has-background has-global-padding is-layout-constrained wp-container-core-group-is-layout-32e53fe4 wp-block-group-is-layout-constrained\" style=\"margin-top:0;margin-bottom:0;padding-top:var(--wp--preset--spacing--50);padding-right:var(--wp--preset--spacing--50);padding-bottom:0;padding-left:var(--wp--preset--spacing--50)\">\n<div class=\"wp-block-group alignwide has-global-padding is-layout-constrained wp-block-group-is-layout-constrained\">\n<div class=\"wp-block-columns alignwide is-layout-flex wp-container-core-columns-is-layout-d0846407 wp-block-columns-is-layout-flex\">\n<div class=\"wp-block-column is-vertically-aligned-center is-layout-flow wp-container-core-column-is-layout-8a368f38 wp-block-column-is-layout-flow\" style=\"flex-basis:20%\">\n<h2 class=\"wp-block-heading has-text-align-right\" style=\"margin-right:0;margin-left:calc( var(--wp--preset--spacing--20) * -1);font-size:clamp(5.174rem, 5.174rem + ((1vw - 0.2rem) * 11.377), 12rem);line-height:1;writing-mode:vertical-rl\">BIO<\/h2>\n<\/div>\n\n\n\n<div class=\"wp-block-column is-layout-flow wp-block-column-is-layout-flow\" style=\"flex-basis:80%\">\n<figure class=\"wp-block-image size-full\"><img loading=\"lazy\" decoding=\"async\" width=\"1617\" height=\"910\" src=\"https:\/\/wealthierbook.com\/wp-content\/uploads\/2024\/02\/DanSolin4by3ratio-edited.jpg\" alt=\"Dan Solin, gazing out window\" class=\"wp-image-2009\" srcset=\"https:\/\/wealthierbook.com\/wp-content\/uploads\/2024\/02\/DanSolin4by3ratio-edited.jpg 1617w, https:\/\/wealthierbook.com\/wp-content\/uploads\/2024\/02\/DanSolin4by3ratio-edited-300x169.jpg 300w, https:\/\/wealthierbook.com\/wp-content\/uploads\/2024\/02\/DanSolin4by3ratio-edited-1024x576.jpg 1024w, https:\/\/wealthierbook.com\/wp-content\/uploads\/2024\/02\/DanSolin4by3ratio-edited-768x432.jpg 768w, https:\/\/wealthierbook.com\/wp-content\/uploads\/2024\/02\/DanSolin4by3ratio-edited-1536x864.jpg 1536w\" sizes=\"auto, (max-width: 1617px) 100vw, 1617px\" \/><\/figure>\n<\/div>\n<\/div>\n<\/div>\n<\/div>\n\n\n\n<div class=\"wp-block-group alignfull has-accent-4-background-color has-background has-global-padding is-layout-constrained wp-container-core-group-is-layout-ae60c8f9 wp-block-group-is-layout-constrained\" style=\"margin-top:0;margin-bottom:var(--wp--preset--spacing--60);padding-top:var(--wp--preset--spacing--30);padding-right:var(--wp--preset--spacing--50);padding-bottom:var(--wp--preset--spacing--50);padding-left:var(--wp--preset--spacing--50)\">\n<div class=\"wp-block-columns alignwide is-layout-flex wp-container-core-columns-is-layout-d0846407 wp-block-columns-is-layout-flex\">\n<div class=\"wp-block-column is-vertically-aligned-stretch is-layout-flow wp-block-column-is-layout-flow\" style=\"flex-basis:100%\">\n<p>Dan Solin est\u00e1 en la lista de los autores m\u00e1s vendidos del New York Times por la <em>serie de libros Smartest, que incluye The Smartest Investment Book You\u2019ll Ever Read, The Smartest 401(k) Book You\u2019ll Ever Read, The Smartest Retirement Book You\u2019ll Ever Read, The Smartest Portfolio You\u2019ll Ever Own,<\/em>\u00a0<em>The Smartest Sales Book You\u2019ll Ever Read<\/em>\u00a0y\u00a0<em>The Smartest Money Book You\u2019ll Ever Read<\/em>. Tambi\u00e9n es autor de <em>Ask: How to Relate to Anyone and Does Your Broker Owe You Money?<\/em><\/p>\n\n\n\n<p>En 2005, testific\u00f3 como defensor de los inversores ante el Subcomit\u00e9 de Mercado de Capitales, Seguros y Empresas Patrocinadas por el Gobierno del Comit\u00e9 de Servicios Financieros de la C\u00e1mara de Representantes de los Estados Unidos.<\/p>\n\n\n\n<p>Su libro m\u00e1s reciente es <strong><em>M\u00e1s Rico<\/em><\/strong>: <em>la gu\u00eda de inversi\u00f3n financiera para millennials<\/em>. La p\u00e1gina web de <strong><em>M\u00e1s Rico<\/em><\/strong> es <a href=\"https:\/\/wealthierbook.com\/\">https:\/\/wealthierbook.com<\/a>.<\/p>\n\n\n\n<p>Dan es un bloguero habitual en <em>Advisor Perspectives<\/em>.<\/p>\n\n\n\n<p>Dan se gradu\u00f3 en la Universidad Johns Hopkins y estudi\u00f3 Derecho en la Universidad de Pensilvania.<\/p>\n\n\n\n<p>Ejerci\u00f3 la abogac\u00eda en la ciudad de Nueva York durante muchos a\u00f1os antes de jubilarse. Como abogado, represent\u00f3 a muchos inversionistas perjudicados por la mala conducta de los corredores de bolsa.<\/p>\n\n\n\n<p>Anteriormente, fue asesor de inversiones certificado en varias firmas destacadas de asesor\u00eda financiera.<\/p>\n\n\n\n<p>Actualmente reside en Bonita Springs, FL con su esposa Patricia.<\/p>\n<\/div>\n<\/div>\n<\/div>\n","protected":false},"excerpt":{"rendered":"<p>BIO Dan Solin est\u00e1 en la lista de los autores m\u00e1s vendidos del New York Times por la serie de libros Smartest, que incluye The Smartest Investment Book You\u2019ll Ever Read, The Smartest 401(k) Book You\u2019ll Ever Read, The Smartest Retirement Book You\u2019ll Ever Read, The Smartest Portfolio You\u2019ll Ever Own,\u00a0The Smartest Sales Book You\u2019ll [&hellip;]<\/p>\n","protected":false},"author":1,"featured_media":0,"parent":0,"menu_order":0,"comment_status":"closed","ping_status":"closed","template":"page-no-title","meta":{"_locale":"es_MX","_original_post":"https:\/\/wealthierbook.com\/?page_id=2005","footnotes":""},"class_list":["post-2089","page","type-page","status-publish","hentry","es-MX"],"yoast_head":"<!-- This site is optimized with the Yoast SEO plugin v27.4 - https:\/\/yoast.com\/product\/yoast-seo-wordpress\/ -->\n<title>Dan&#039;s Biograf\u00eda - M\u00e1s Rico: La gu\u00eda de inversi\u00f3n financiera para millennials<\/title>\n<meta name=\"description\" content=\"Biograf\u00eda del autor: El \u00faltimo libro de Dan Solin es M\u00e1s Rico: La gu\u00eda de inversi\u00f3n financiera para millennials\" \/>\n<meta name=\"robots\" content=\"index, follow, max-snippet:-1, max-image-preview:large, max-video-preview:-1\" \/>\n<link rel=\"canonical\" href=\"https:\/\/wealthierbook.com\/es\/dans-biografia\/\" \/>\n<meta property=\"og:locale\" content=\"es_MX\" \/>\n<meta property=\"og:type\" content=\"article\" \/>\n<meta property=\"og:title\" content=\"Dan&#039;s Biograf\u00eda - M\u00e1s Rico: La gu\u00eda de inversi\u00f3n financiera para millennials\" \/>\n<meta property=\"og:description\" content=\"Biograf\u00eda del autor: El \u00faltimo libro de Dan Solin es M\u00e1s Rico: La gu\u00eda de inversi\u00f3n financiera para millennials\" \/>\n<meta property=\"og:url\" content=\"https:\/\/wealthierbook.com\/es\/dans-biografia\/\" \/>\n<meta property=\"og:site_name\" content=\"Wealthier: The Investing Field Guide for Millennials\" \/>\n<meta property=\"article:publisher\" content=\"https:\/\/www.facebook.com\/DanSolin\" \/>\n<meta property=\"article:modified_time\" content=\"2024-06-10T20:47:50+00:00\" \/>\n<meta property=\"og:image\" content=\"https:\/\/wealthierbook.com\/wp-content\/uploads\/2024\/02\/DanSolin4by3ratio-edited.jpg\" \/>\n<meta name=\"twitter:card\" content=\"summary_large_image\" \/>\n<meta name=\"twitter:site\" content=\"@DanSolin\" \/>\n<meta name=\"twitter:label1\" content=\"Tiempo de lectura\" \/>\n\t<meta name=\"twitter:data1\" content=\"2 minutos\" \/>\n<script type=\"application\/ld+json\" class=\"yoast-schema-graph\">{\"@context\":\"https:\\\/\\\/schema.org\",\"@graph\":[{\"@type\":\"WebPage\",\"@id\":\"https:\\\/\\\/wealthierbook.com\\\/es\\\/dans-biografia\\\/\",\"url\":\"https:\\\/\\\/wealthierbook.com\\\/es\\\/dans-biografia\\\/\",\"name\":\"Dan's Biograf\u00eda - M\u00e1s Rico: La gu\u00eda de inversi\u00f3n financiera para millennials\",\"isPartOf\":{\"@id\":\"https:\\\/\\\/wealthierbook.com\\\/#website\"},\"primaryImageOfPage\":{\"@id\":\"https:\\\/\\\/wealthierbook.com\\\/es\\\/dans-biografia\\\/#primaryimage\"},\"image\":{\"@id\":\"https:\\\/\\\/wealthierbook.com\\\/es\\\/dans-biografia\\\/#primaryimage\"},\"thumbnailUrl\":\"https:\\\/\\\/wealthierbook.com\\\/wp-content\\\/uploads\\\/2024\\\/02\\\/DanSolin4by3ratio-edited.jpg\",\"datePublished\":\"2024-06-07T21:27:06+00:00\",\"dateModified\":\"2024-06-10T20:47:50+00:00\",\"description\":\"Biograf\u00eda del autor: El \u00faltimo libro de Dan Solin es M\u00e1s Rico: La gu\u00eda de inversi\u00f3n financiera para millennials\",\"breadcrumb\":{\"@id\":\"https:\\\/\\\/wealthierbook.com\\\/es\\\/dans-biografia\\\/#breadcrumb\"},\"inLanguage\":\"es\",\"potentialAction\":[{\"@type\":\"ReadAction\",\"target\":[\"https:\\\/\\\/wealthierbook.com\\\/es\\\/dans-biografia\\\/\"]}]},{\"@type\":\"ImageObject\",\"inLanguage\":\"es\",\"@id\":\"https:\\\/\\\/wealthierbook.com\\\/es\\\/dans-biografia\\\/#primaryimage\",\"url\":\"https:\\\/\\\/wealthierbook.com\\\/wp-content\\\/uploads\\\/2024\\\/02\\\/DanSolin4by3ratio-edited.jpg\",\"contentUrl\":\"https:\\\/\\\/wealthierbook.com\\\/wp-content\\\/uploads\\\/2024\\\/02\\\/DanSolin4by3ratio-edited.jpg\",\"width\":1617,\"height\":910},{\"@type\":\"BreadcrumbList\",\"@id\":\"https:\\\/\\\/wealthierbook.com\\\/es\\\/dans-biografia\\\/#breadcrumb\",\"itemListElement\":[{\"@type\":\"ListItem\",\"position\":1,\"name\":\"Home\",\"item\":\"https:\\\/\\\/wealthierbook.com\\\/es\\\/\"},{\"@type\":\"ListItem\",\"position\":2,\"name\":\"Dan&#8217;s Biograf\u00eda\"}]},{\"@type\":\"WebSite\",\"@id\":\"https:\\\/\\\/wealthierbook.com\\\/#website\",\"url\":\"https:\\\/\\\/wealthierbook.com\\\/\",\"name\":\"Wealthier: The Investing Field Guide for America's Millennials\",\"description\":\"\",\"publisher\":{\"@id\":\"https:\\\/\\\/wealthierbook.com\\\/#\\\/schema\\\/person\\\/3512e03ddbe8392628d5e64937d4d11d\"},\"potentialAction\":[{\"@type\":\"SearchAction\",\"target\":{\"@type\":\"EntryPoint\",\"urlTemplate\":\"https:\\\/\\\/wealthierbook.com\\\/?s={search_term_string}\"},\"query-input\":{\"@type\":\"PropertyValueSpecification\",\"valueRequired\":true,\"valueName\":\"search_term_string\"}}],\"inLanguage\":\"es\"},{\"@type\":[\"Person\",\"Organization\"],\"@id\":\"https:\\\/\\\/wealthierbook.com\\\/#\\\/schema\\\/person\\\/3512e03ddbe8392628d5e64937d4d11d\",\"name\":\"Dan Solin\",\"image\":{\"@type\":\"ImageObject\",\"inLanguage\":\"es\",\"@id\":\"https:\\\/\\\/wealthierbook.com\\\/wp-content\\\/uploads\\\/2023\\\/12\\\/dan-hedcut.png\",\"url\":\"https:\\\/\\\/wealthierbook.com\\\/wp-content\\\/uploads\\\/2023\\\/12\\\/dan-hedcut.png\",\"contentUrl\":\"https:\\\/\\\/wealthierbook.com\\\/wp-content\\\/uploads\\\/2023\\\/12\\\/dan-hedcut.png\",\"width\":300,\"height\":300,\"caption\":\"Dan Solin\"},\"logo\":{\"@id\":\"https:\\\/\\\/wealthierbook.com\\\/wp-content\\\/uploads\\\/2023\\\/12\\\/dan-hedcut.png\"},\"sameAs\":[\"https:\\\/\\\/wealthierbook.com\",\"https:\\\/\\\/www.facebook.com\\\/DanSolin\",\"https:\\\/\\\/www.instagram.com\\\/\",\"https:\\\/\\\/www.linkedin.com\\\/in\\\/dansolin\\\/\",\"https:\\\/\\\/x.com\\\/DanSolin\",\"https:\\\/\\\/www.youtube.com\\\/@Danielsolin\"]}]}<\/script>\n<!-- \/ Yoast SEO plugin. -->","yoast_head_json":{"title":"Dan's Biograf\u00eda - M\u00e1s Rico: La gu\u00eda de inversi\u00f3n financiera para millennials","description":"Biograf\u00eda del autor: El \u00faltimo libro de Dan Solin es M\u00e1s Rico: La gu\u00eda de inversi\u00f3n financiera para millennials","robots":{"index":"index","follow":"follow","max-snippet":"max-snippet:-1","max-image-preview":"max-image-preview:large","max-video-preview":"max-video-preview:-1"},"canonical":"https:\/\/wealthierbook.com\/es\/dans-biografia\/","og_locale":"es_MX","og_type":"article","og_title":"Dan's Biograf\u00eda - M\u00e1s Rico: La gu\u00eda de inversi\u00f3n financiera para millennials","og_description":"Biograf\u00eda del autor: El \u00faltimo libro de Dan Solin es M\u00e1s Rico: La gu\u00eda de inversi\u00f3n financiera para millennials","og_url":"https:\/\/wealthierbook.com\/es\/dans-biografia\/","og_site_name":"Wealthier: The Investing Field Guide for Millennials","article_publisher":"https:\/\/www.facebook.com\/DanSolin","article_modified_time":"2024-06-10T20:47:50+00:00","og_image":[{"url":"https:\/\/wealthierbook.com\/wp-content\/uploads\/2024\/02\/DanSolin4by3ratio-edited.jpg","type":"","width":"","height":""}],"twitter_card":"summary_large_image","twitter_site":"@DanSolin","twitter_misc":{"Tiempo de lectura":"2 minutos"},"schema":{"@context":"https:\/\/schema.org","@graph":[{"@type":"WebPage","@id":"https:\/\/wealthierbook.com\/es\/dans-biografia\/","url":"https:\/\/wealthierbook.com\/es\/dans-biografia\/","name":"Dan's Biograf\u00eda - M\u00e1s Rico: La gu\u00eda de inversi\u00f3n financiera para millennials","isPartOf":{"@id":"https:\/\/wealthierbook.com\/#website"},"primaryImageOfPage":{"@id":"https:\/\/wealthierbook.com\/es\/dans-biografia\/#primaryimage"},"image":{"@id":"https:\/\/wealthierbook.com\/es\/dans-biografia\/#primaryimage"},"thumbnailUrl":"https:\/\/wealthierbook.com\/wp-content\/uploads\/2024\/02\/DanSolin4by3ratio-edited.jpg","datePublished":"2024-06-07T21:27:06+00:00","dateModified":"2024-06-10T20:47:50+00:00","description":"Biograf\u00eda del autor: El \u00faltimo libro de Dan Solin es M\u00e1s Rico: La gu\u00eda de inversi\u00f3n financiera para millennials","breadcrumb":{"@id":"https:\/\/wealthierbook.com\/es\/dans-biografia\/#breadcrumb"},"inLanguage":"es","potentialAction":[{"@type":"ReadAction","target":["https:\/\/wealthierbook.com\/es\/dans-biografia\/"]}]},{"@type":"ImageObject","inLanguage":"es","@id":"https:\/\/wealthierbook.com\/es\/dans-biografia\/#primaryimage","url":"https:\/\/wealthierbook.com\/wp-content\/uploads\/2024\/02\/DanSolin4by3ratio-edited.jpg","contentUrl":"https:\/\/wealthierbook.com\/wp-content\/uploads\/2024\/02\/DanSolin4by3ratio-edited.jpg","width":1617,"height":910},{"@type":"BreadcrumbList","@id":"https:\/\/wealthierbook.com\/es\/dans-biografia\/#breadcrumb","itemListElement":[{"@type":"ListItem","position":1,"name":"Home","item":"https:\/\/wealthierbook.com\/es\/"},{"@type":"ListItem","position":2,"name":"Dan&#8217;s Biograf\u00eda"}]},{"@type":"WebSite","@id":"https:\/\/wealthierbook.com\/#website","url":"https:\/\/wealthierbook.com\/","name":"Wealthier: The Investing Field Guide for America's Millennials","description":"","publisher":{"@id":"https:\/\/wealthierbook.com\/#\/schema\/person\/3512e03ddbe8392628d5e64937d4d11d"},"potentialAction":[{"@type":"SearchAction","target":{"@type":"EntryPoint","urlTemplate":"https:\/\/wealthierbook.com\/?s={search_term_string}"},"query-input":{"@type":"PropertyValueSpecification","valueRequired":true,"valueName":"search_term_string"}}],"inLanguage":"es"},{"@type":["Person","Organization"],"@id":"https:\/\/wealthierbook.com\/#\/schema\/person\/3512e03ddbe8392628d5e64937d4d11d","name":"Dan Solin","image":{"@type":"ImageObject","inLanguage":"es","@id":"https:\/\/wealthierbook.com\/wp-content\/uploads\/2023\/12\/dan-hedcut.png","url":"https:\/\/wealthierbook.com\/wp-content\/uploads\/2023\/12\/dan-hedcut.png","contentUrl":"https:\/\/wealthierbook.com\/wp-content\/uploads\/2023\/12\/dan-hedcut.png","width":300,"height":300,"caption":"Dan Solin"},"logo":{"@id":"https:\/\/wealthierbook.com\/wp-content\/uploads\/2023\/12\/dan-hedcut.png"},"sameAs":["https:\/\/wealthierbook.com","https:\/\/www.facebook.com\/DanSolin","https:\/\/www.instagram.com\/","https:\/\/www.linkedin.com\/in\/dansolin\/","https:\/\/x.com\/DanSolin","https:\/\/www.youtube.com\/@Danielsolin"]}]}},"_links":{"self":[{"href":"https:\/\/wealthierbook.com\/wp-json\/wp\/v2\/pages\/2089","targetHints":{"allow":["GET"]}}],"collection":[{"href":"https:\/\/wealthierbook.com\/wp-json\/wp\/v2\/pages"}],"about":[{"href":"https:\/\/wealthierbook.com\/wp-json\/wp\/v2\/types\/page"}],"author":[{"embeddable":true,"href":"https:\/\/wealthierbook.com\/wp-json\/wp\/v2\/users\/1"}],"replies":[{"embeddable":true,"href":"https:\/\/wealthierbook.com\/wp-json\/wp\/v2\/comments?post=2089"}],"version-history":[{"count":0,"href":"https:\/\/wealthierbook.com\/wp-json\/wp\/v2\/pages\/2089\/revisions"}],"wp:attachment":[{"href":"https:\/\/wealthierbook.com\/wp-json\/wp\/v2\/media?parent=2089"}],"curies":[{"name":"wp","href":"https:\/\/api.w.org\/{rel}","templated":true}]}}